{"id":178,"date":"2024-02-02T22:37:38","date_gmt":"2024-02-02T22:37:38","guid":{"rendered":"https:\/\/189.escutismo.pt\/?page_id=178"},"modified":"2024-02-03T22:51:35","modified_gmt":"2024-02-03T22:51:35","slug":"galeria","status":"publish","type":"page","link":"https:\/\/189.escutismo.pt\/?page_id=178","title":{"rendered":"Hist\u00f3ria"},"content":{"rendered":"\n<p><strong>Como nasceu o Escutismo em \u00cdlhavo?<\/strong><\/p>\n\n\n\n<p>Deixemos que \u201cfalem\u201d as palavras escritas, numa j\u00e1 amarelecida folha de papel, pelo primeiro Chefe do Glorioso Grupo 46:<\/p>\n\n\n\n<p><strong>\u201c<\/strong>Um grupo de 6-7 rapazes amigos e ainda muito novos, com idades compreendidas entre os 16 e 19 anos, costumavam juntar-se no centro da vila para conversar, como era habitual na \u00e9poca. Aperceberam-se da passagem de alguns escuteiros de Aveiro, com as suas vistosas fardas, a caminho da Vista \u2013 Alegre onde estava a formar-se um grupo apoiado pelos tais elementos de Aveiro.<\/p>\n\n\n\n<p>Entusiasmados, resolveram, um dia, mand\u00e1-los parar para colher informa\u00e7\u00f5es sobre o dito Movimento. Tendo sido convidados a assistir a uma desses reuni\u00f5es na Vista \u2013 Alegre e como tivessem gostado das actividades, iniciaram tamb\u00e9m as suas reuni\u00f5es. O grupo foi, ent\u00e3o constitu\u00eddo, pelos seguintes rapazes: Jo\u00e3o Bich\u00e3o, Carlos Faria, Jo\u00e3o Peixe, Hor\u00e1cio Peixinho, Joaquim Teles, Eduardo Bag\u00e3o e Manuel Azevedo.<\/p>\n\n\n\n<p>Dispostos a trabalhar, pediram a colabora\u00e7\u00e3o do ent\u00e3o Chefe do Grupo de Aveiro, Jos\u00e9 Cristo, rapaz alegre e comunicativo.<\/p>\n\n\n\n<p>Necessitavam, contudo, de uma direc\u00e7\u00e3o para a Funda\u00e7\u00e3o do Grupo. De acordo com o P\u00e1roco de \u00cdlhavo, Senhor Prior Bas\u00edlio, resolveram convidar o Sr.Padre Manuel Campos e o Sr. Professor Jos\u00e9 Pereira Teles, pessoa de boa vontade e amigo da juventude, que aceitaram o convite.<\/p>\n\n\n\n<p>Come\u00e7aram ent\u00e3o a trabalhar e a preparar as Promessas, tendo pedido a ajuda das Professoras D. Nazar\u00e9 Cruz e D, Helena Mano, que por sinal, eram zeladoras do Altar de N\u00aa. Sra. Do Ros\u00e1rio e faziam parte da Comiss\u00e3o de Festas. A Mordomia ofereceu o galhardete e o grupo de escuteiros, reconhecido, escolhe para seu Patrono a N\u00aa Sra. do Ros\u00e1rio.<\/p>\n\n\n\n<p>O Comandante dos Bombeiros de \u00cdlhavo, na altura o Senhor Artur Rasoilo Sacramento, p\u00f4s \u00e0 disposi\u00e7\u00e3o do Grupo o Quartel para as reuni\u00f5es. Este Quartel era no antigo Mercado Municipal, onde actualmente est\u00e1 a est\u00e1tua de D. Manuel T. Salgueiro; O grupo contava, ent\u00e3o, com 30 elementos\u2026\u201d<\/p>\n\n\n\n<p>A 15 de Agosto de 1928 era fundado o Grupo 46 do Corpo Nacional de Scouts.<\/p>\n\n\n\n<!--nextpage-->\n\n\n\n<p><strong>Inaugura\u00e7\u00e3o da Sede do Agrupamento<\/strong><\/p>\n\n\n\n<p>Uma sede pr\u00f3pria foi o anseio das v\u00e1rias direc\u00e7\u00f5es do Agrupamento ao longo destes 80 anos. Ocup\u00e1mos seis espa\u00e7os que vamos homenagear, numa breve hist\u00f3ria, referindo a localiza\u00e7\u00e3o e sublinhando as Figuras de \u00cdlhavo que amavelmente nos presentearam com a sua utiliza\u00e7\u00e3o:<\/p>\n\n\n\n<p><strong>1\u00aa Sede<\/strong> \u2013 em 1928<\/p>\n\n\n\n<p>No antigo quartel dos Bombeiros junto ao antigo Mercado Municipal. Foi nesta sede que inici\u00e1mos os nossos primeiros passos e fizemos as nossas primeiras reuni\u00f5es; aqui fund\u00e1mos o nosso Grupo 46.<\/p>\n\n\n\n<p>As instala\u00e7\u00f5es foram-nos amavelmente disponibilizadas pelo actual Comandante dos Bombeiros Volunt\u00e1rios Sr. Artur Rasoilo, nosso grande amigo. Aqui estivemos sensivelmente dois meses.<\/p>\n\n\n\n<p><strong>2\u00aa Sede<\/strong> \u2013 Ainda em 1928, em Cimo da Vila, no edif\u00edcio dos Pa\u00e7os do Concelho, onde mais tarde estiveram os Servi\u00e7os Municipalizados. Espa\u00e7o cedido por Dinis Gomes, Presidente da C\u00e2mara de ent\u00e3o. Tratava-se de uma grande sala que dividimos para instalar as respectivas patrulhas. Ali permanecemos cerca de 10 anos.<\/p>\n\n\n\n<p><strong>3\u00aa Sede<\/strong> \u2013 Foi inaugurada em 1939. A \u201cCasa velha\u201d, no p\u00e1tio da Resid\u00eancia Paroquial<\/p>\n\n\n\n<p>foi \u2013 nos cedida pelo P\u00e1roco Pe. Bas\u00edlio Ferreira Jorge. Foi por n\u00f3s restaurada com muita dedica\u00e7\u00e3o e empenho. A sede comportava, para al\u00e9m dos v\u00e1rios cantos de patrulha, um palco onde lev\u00e1mos \u00e0 cena diversas r\u00e9citas; foi a melhor sede at\u00e9 1961. Com o in\u00edcio da constru\u00e7\u00e3o do Centro Paroquial a sede foi demolida.<\/p>\n\n\n\n<p><strong>4\u00aa Sede<\/strong> \u2013 Uma depend\u00eancia da sacristia norte da Igreja Matriz. Era muito pequena; com muito esfor\u00e7o conseguimos adapt\u00e1-la \u00e0s nossas necessidades; l\u00e1 nos mantivemos at\u00e9 \u00e0 inaugura\u00e7\u00e3o do Centro Paroquial.<\/p>\n\n\n\n<p><strong>5\u00aa Sede<\/strong> \u2013 Uma sala do Centro Paroquial, muito pequena para todas as Sec\u00e7\u00f5es do Agrupamento. Foi ent\u00e3o que surgiu a ideia de se destinar esta sala \u00e0 Alcateia e \u00e0 Direc\u00e7\u00e3o e as restantes Unidades do Agrupamento ocupariam a cave do palco do sal\u00e3o paroquial.<\/p>\n\n\n\n<p>Esta cave era muito h\u00famida e escura. Instalou-se um motor para escoamento da \u00e1gua e ao longo do tempo foram sendo feitos melhoramentos gra\u00e7as \u00e0 boa vontade dos nossos P\u00e1rocos. O Cl\u00e3 ocupou, por algum tempo, uma casa da Par\u00f3quia no Beco das Barreirinhas.<\/p>\n\n\n\n<p><strong>6\u00aa Sede<\/strong> \u2013 Desde 1988 no r\u00e9s-do-ch\u00e3o \u201cCasa do Centro Paroquial\u201d.<\/p>\n\n\n\n<p>Esta sede foi-nos destinada pelo nosso P\u00e1roco e Assistente Prior Urbino de Pinho, por conhecer bem as necessidades do Agrupamento para implementar os seus projectos educativos, e necessitar da sala que ocup\u00e1vamos no Centro Paroquial, para instalar com mais comodidade o \u201cber\u00e7\u00e1rio\u201d do Jardim de Inf\u00e2ncia.<\/p>\n\n\n\n<p>Recordamos, com regozijo, as palavras que ent\u00e3o nos disse: \u201ctrazei os vossos escuteiros para este r\u00e9s-do-ch\u00e3o da casa, dividi-a, provisoriamente, conforme achardes mais conveniente, e conservai-a at\u00e9 poderdes construir a vossa pr\u00f3pria sede.\u201d E, foi com surpresa, que uns dias antes da mudan\u00e7a para a \u201cCasa do Centro\u201d vimos cravada na parede exterior, junto \u00e0 porta de entrada da sede, uma \u201cFlor de Lis\u201d esculpida em m\u00e1rmore, a identificar o Movimento Escutista na Par\u00f3quia. Tinha sido oferta do nosso Assistente.<\/p>\n\n\n\n<p>E, em 24 de Abril de 1988, inaugur\u00e1mos a nossa actual sede, na presen\u00e7a de toda a Regi\u00e3o de Aveiro, que veio a \u00cdlhavo celebrar o \u201cDia de S. Jorge\u201d. Nesse ano celebr\u00e1vamos o 60\u00ba Anivers\u00e1rio da nossa funda\u00e7\u00e3o.<\/p>\n\n\n\n<p>Desde ent\u00e3o est\u00e3o aqui instaladas a Direc\u00e7\u00e3o, a Alcateia, o Grupo Pioneiro e o Cl\u00e3.<\/p>\n\n\n\n<p>O Grupo Explorador, por ser a maior Sec\u00e7\u00e3o do Agrupamento e necessitar de um espa\u00e7o mais amplo, ocupa, ainda, a cave do sal\u00e3o paroquial; \u00e9 um espa\u00e7o muito ex\u00edguo, no entanto, bastante bem aproveitado e tecnicamente ornamentado \u00e0 maneira escutista.<\/p>\n\n\n\n<p>E, eis -nos chegados \u00e0 <strong>7\u00aa Sede<\/strong>.<\/p>\n\n\n\n<p>Ela a\u00ed est\u00e1, bem pertinho da 6\u00aa, implantada num terreno adquirido pelo Senhor Prior Urbino, enquanto P\u00e1roco e Presidente da F\u00e1brica da Igreja. Ainda connosco teve oportunidade de nos aconselhar sobre alguns aspectos do projecto de constru\u00e7\u00e3o. L\u00e1 est\u00e3o silenciosamente guardados no estilo do edif\u00edcio que agora, ap\u00f3s a sua partida, o queremos homenagear, atribuindo-lhe o seu nome para que os vindouros o recordem como o P\u00e1roco\/Assistente que impulsionou o Agrupamento, desde sempre, para a constru\u00e7\u00e3o de uma sede pr\u00f3pria. &nbsp;<\/p>\n\n\n\n<p>\u201cO n\u00famero sete simboliza a conclus\u00e3o do mundo e a plenitude dos tempos\u201d.<\/p>\n\n\n\n<p>&nbsp;\u201cSete \u00e9 o n\u00famero perfeito do homem perfeitamente realizado\u201d.<\/p>\n\n\n\n<p>Esta<strong> 7\u00aae definitiva sede<\/strong> vai oferecer a todos, desde o mais pequenino Lobito \u201cpata-tenra\u201d at\u00e9 ao mais \u201cvelho lobo\u201d, os espa\u00e7os para poderem viver \u201cO projecto educativo\u201d que o C.N.E. oferece: o desenvolvimento f\u00edsico, o desenvolvimento intelectual, o desenvolvimento do car\u00e1cter, o desenvolvimento afectivo, o desenvolvimento espiritual e o desenvolvimento social.<\/p>\n\n\n\n<p>Nesta <strong>S\u00e9tima Sede <\/strong>havemos de encontrar o entusiasmo, a for\u00e7a e a coragem para dar<\/p>\n\n\n\n<p>\u201co pontap\u00e9 no imposs\u00edvel\u201d <em>(B.P.)<\/em> para implementar sistematicamente as<strong> \u201cSete Maravilhas do M\u00e9todo Escutista\u201d:<\/strong><\/p>\n\n\n\n<p><strong>1-Sistema de Patrulhas; 2-M\u00edstica e Simbologia; 3-Lei e Promessa; 4-Aprender Fazendo; 5-Contacto com a Natureza; 6-Progresso pessoal; 7-O Animador adulto.<\/strong><\/p>\n\n\n\n<p>Muitos t\u00eam sido os problemas que temos vindo a ultrapassar com a constru\u00e7\u00e3o desta nova sede; os escuteiros sabem que nada se consegue sem esfor\u00e7o; temos mantido uma solidariedade forte entre n\u00f3s e com os Pais dos nossos jovens e demais familiares e amigos. Agradecemos-lhes toda a sua colabora\u00e7\u00e3o, desde as palavras de coragem que nos t\u00eam dado, at\u00e9 \u00e0 contribui\u00e7\u00e3o monet\u00e1ria que, periodicamente, nos fazem chegar.<\/p>\n\n\n\n<p>As campanhas pedag\u00f3gicas de angaria\u00e7\u00e3o de fundos que os nossos escuteiros t\u00eam vindo a implementar, v\u00e3o\u201dgr\u00e3o a gr\u00e3o\u201d ajudando a \u201cencher o papo \u201c. Mas, perante uma obra desta natureza, de outras verbas precisamos.<\/p>\n\n\n\n<p>Agradecemos os apoios financeiros do Governo, atrav\u00e9s do Programa de Equipamentos Urbanos de Utiliza\u00e7\u00e3o Colectiva, da C\u00e2mara Municipal e da Junta de Freguesia de S. Salvador.<\/p>\n\n\n\n<p>Estamos na fase final da constru\u00e7\u00e3o, mas n\u00e3o na fase final das contas\u2026<\/p>\n\n\n\n<p>Continuamos com as m\u00e3os abertas e com as m\u00e3os no trabalho.<\/p>\n\n\n\n<p>O nosso sonho \u00e9 inaugurar a sede no dia do 80\u00ba Anivers\u00e1rio do Agrupamento \u2013 15 de Agosto de 2008.<\/p>\n\n\n\n<p>Vamos para f\u00e9rias; o trabalho com os escuteiros \u00e9 constante. Temos o Acampamento de Agrupamento. Ocupar-nos-emos do arranjo interior das salas da nova sede e da mudan\u00e7a do nosso \u201cesp\u00f3lio\u201d escutista das instala\u00e7\u00f5es actuais para a casa nova\u2026O trabalho n\u00e3o falta. Queremos iniciar o novo ano na sede nova.<\/p>\n\n\n\n<p>At\u00e9 sempre e que o nosso Chefe Supremo nos ajude.<\/p>\n\n\n\n<!--nextpage-->\n\n\n\n<p><strong>Hist\u00f3ria das duas \u201cFlores-de-lis\u201d em pedra existentes na Sede<\/strong><\/p>\n\n\n\n<p><strong>\u201cFlor-de-lis\u201d em cimento, pintada em tinta amarela.<\/strong><\/p>\n\n\n\n<p>&nbsp;&nbsp; Esteve colocada na parede frontal da 3\u00aa Sede, inaugurada em 1939.<\/p>\n\n\n\n<p>&nbsp;&nbsp; Esta sede, como j\u00e1 est\u00e1 registado noutro documento, estava instalada no p\u00e1tio da Resid\u00eancia Paroquial, numa casa velha que o nosso P\u00e1roco Pe. Bas\u00edlio Ferreira Jorge nos cedeu.<\/p>\n\n\n\n<p>&nbsp;&nbsp; Esta Flor \u2013 de \u2013 Lis foi feita pelo Chefe Ant\u00f3nio Santana e colocada na parede frontal da sede com a ajuda de alguns escuteiros por ser muito pesada.<\/p>\n\n\n\n<p>&nbsp;&nbsp; Uma fotografia refere: \u201cap\u00f3s a inaugura\u00e7\u00e3o da sede em 1939\u201d.<\/p>\n\n\n\n<p>&nbsp;&nbsp; Foi reconstru\u00edda mais tarde e novamente colocada no mesmo local por outros escuteiros, ainda vivos, que com certo orgulho, dizem terem segurado na pesada<\/p>\n\n\n\n<p>&nbsp;&nbsp; \u201cFlor \u2013 de \u2013 Lis, para a reporem no local inicial.<\/p>\n\n\n\n<p>&nbsp;&nbsp; Quando se demoliu a 3\u00aa sede a \u201cFlor-de-lis\u201d foi recolhida e guardada, em local destacado, nas 4\u00aa, 5\u00aa e 6\u00aa sedes.<\/p>\n\n\n\n<p>&nbsp;&nbsp; Ser\u00e1 colocada, na 7\u00aa e definitiva Sede, em local destacado, numa parede interior.<\/p>\n\n\n\n<p><strong>\u201dFlor-de-lis\u201d em m\u00e1rmore rosa e preto<\/strong><\/p>\n\n\n\n<p>&nbsp;&nbsp; Esteve, desde 1988, na parede frontal da 6\u00aa sede, no rez \u2013 do -ch\u00e3o da \u201cCasa do Centro Paroquial\u201d, at\u00e9 Maio de 2008.<\/p>\n\n\n\n<p>&nbsp;&nbsp; Foi oferecida pelo nosso Assistente Sr. Prior Urbino de Pinho em 1988 quando celebr\u00e1mos o 60\u00ba Anivers\u00e1rio da funda\u00e7\u00e3o do Agrupamento e inaugur\u00e1mos a referida sede em 24\/04\/1988.<\/p>\n\n\n\n<p>&nbsp;&nbsp; Neste dia a Regi\u00e3o de Aveiro celebrou em \u00cdlhavo o \u201cDia de S. Jorge\u201d (Concentra\u00e7\u00e3o regional); a not\u00edcia vem no jornal \u201cFam\u00edlia Paroquial\u201d de Abril de 1988.<\/p>\n\n\n\n<p>&nbsp;&nbsp; Esta \u201cFlor-de-lis\u201d ser\u00e1 colocada, na 7\u00aa e definitiva sede, em local destacado, numa parede interior.<\/p>\n","protected":false},"excerpt":{"rendered":"<p>Como nasceu o Escutismo em \u00cdlhavo? Deixemos que \u201cfalem\u201d as palavras escritas, numa j\u00e1 amarelecida folha de papel, pelo primeiro Chefe do Glorioso Grupo 46: \u201cUm grupo de 6-7 rapazes amigos e ainda muito novos, com idades compreendidas entre os 16 e 19 anos, costumavam juntar-se no centro da vila [&hellip;]<\/p>\n","protected":false},"author":1,"featured_media":0,"parent":0,"menu_order":0,"comment_status":"closed","ping_status":"closed","template":"","meta":[],"_links":{"self":[{"href":"https:\/\/189.escutismo.pt\/index.php?rest_route=\/wp\/v2\/pages\/178"}],"collection":[{"href":"https:\/\/189.escutismo.pt\/index.php?rest_route=\/wp\/v2\/pages"}],"about":[{"href":"https:\/\/189.escutismo.pt\/index.php?rest_route=\/wp\/v2\/types\/page"}],"author":[{"embeddable":true,"href":"https:\/\/189.escutismo.pt\/index.php?rest_route=\/wp\/v2\/users\/1"}],"replies":[{"embeddable":true,"href":"https:\/\/189.escutismo.pt\/index.php?rest_route=%2Fwp%2Fv2%2Fcomments&post=178"}],"version-history":[{"count":4,"href":"https:\/\/189.escutismo.pt\/index.php?rest_route=\/wp\/v2\/pages\/178\/revisions"}],"predecessor-version":[{"id":351,"href":"https:\/\/189.escutismo.pt\/index.php?rest_route=\/wp\/v2\/pages\/178\/revisions\/351"}],"wp:attachment":[{"href":"https:\/\/189.escutismo.pt\/index.php?rest_route=%2Fwp%2Fv2%2Fmedia&parent=178"}],"curies":[{"name":"wp","href":"https:\/\/api.w.org\/{rel}","templated":true}]}}