{"id":188,"date":"2024-02-02T22:43:23","date_gmt":"2024-02-02T22:43:23","guid":{"rendered":"https:\/\/189.escutismo.pt\/?page_id=188"},"modified":"2024-02-03T23:39:50","modified_gmt":"2024-02-03T23:39:50","slug":"seccoes","status":"publish","type":"page","link":"https:\/\/189.escutismo.pt\/?page_id=188","title":{"rendered":"Sec\u00e7\u00f5es"},"content":{"rendered":"\n<div class=\"wp-block-columns is-layout-flex wp-container-3\">\n<div class=\"wp-block-column is-layout-flow\">\n<p class=\"has-text-align-center\">ALCATEIA<\/p>\n\n\n<div class=\"wp-block-image\">\n<figure class=\"aligncenter size-full is-resized\"><a href=\"https:\/\/189.escutismo.pt\/?page_id=364\"><img decoding=\"async\" loading=\"lazy\" src=\"https:\/\/189.escutismo.pt\/wp-content\/uploads\/2024\/02\/lobitos.png\" alt=\"\" class=\"wp-image-353\" width=\"184\" height=\"181\" srcset=\"https:\/\/189.escutismo.pt\/wp-content\/uploads\/2024\/02\/lobitos.png 592w, https:\/\/189.escutismo.pt\/wp-content\/uploads\/2024\/02\/lobitos-300x297.png 300w\" sizes=\"(max-width: 184px) 100vw, 184px\" \/><\/a><\/figure><\/div><\/div>\n\n\n\n<div class=\"wp-block-column is-vertically-aligned-top is-layout-flow\">\n<p class=\"has-text-align-center\">EXPEDI\u00c7\u00c3O<\/p>\n\n\n<div class=\"wp-block-image\">\n<figure class=\"aligncenter size-full is-resized\"><a href=\"https:\/\/189.escutismo.pt\/?page_id=373\"><img decoding=\"async\" loading=\"lazy\" src=\"https:\/\/189.escutismo.pt\/wp-content\/uploads\/2024\/02\/exploradores-300x300-1.png\" alt=\"\" class=\"wp-image-354\" width=\"183\" height=\"183\" srcset=\"https:\/\/189.escutismo.pt\/wp-content\/uploads\/2024\/02\/exploradores-300x300-1.png 300w, https:\/\/189.escutismo.pt\/wp-content\/uploads\/2024\/02\/exploradores-300x300-1-150x150.png 150w\" sizes=\"(max-width: 183px) 100vw, 183px\" \/><\/a><\/figure><\/div><\/div>\n<\/div>\n\n\n\n<div class=\"wp-block-columns is-layout-flex wp-container-6\">\n<div class=\"wp-block-column is-layout-flow\">\n<p class=\"has-text-align-center\">COMUNIDADE<\/p>\n\n\n<div class=\"wp-block-image\">\n<figure class=\"aligncenter size-full is-resized\"><a href=\"https:\/\/189.escutismo.pt\/?page_id=377&amp;preview=true\"><img decoding=\"async\" loading=\"lazy\" src=\"https:\/\/189.escutismo.pt\/wp-content\/uploads\/2024\/02\/pioneiros-300x300-1.jpg\" alt=\"\" class=\"wp-image-355\" width=\"179\" height=\"179\" srcset=\"https:\/\/189.escutismo.pt\/wp-content\/uploads\/2024\/02\/pioneiros-300x300-1.jpg 300w, https:\/\/189.escutismo.pt\/wp-content\/uploads\/2024\/02\/pioneiros-300x300-1-150x150.jpg 150w\" sizes=\"(max-width: 179px) 100vw, 179px\" \/><\/a><\/figure><\/div><\/div>\n\n\n\n<div class=\"wp-block-column is-layout-flow\">\n<p class=\"has-text-align-center\">CL\u00c3<\/p>\n\n\n<div class=\"wp-block-image\">\n<figure class=\"aligncenter size-full is-resized\"><a href=\"https:\/\/189.escutismo.pt\/?page_id=379&amp;preview=true\"><img decoding=\"async\" loading=\"lazy\" src=\"https:\/\/189.escutismo.pt\/wp-content\/uploads\/2024\/02\/caminheiros-300x300-1.jpg\" alt=\"\" class=\"wp-image-356\" width=\"194\" height=\"194\" srcset=\"https:\/\/189.escutismo.pt\/wp-content\/uploads\/2024\/02\/caminheiros-300x300-1.jpg 300w, https:\/\/189.escutismo.pt\/wp-content\/uploads\/2024\/02\/caminheiros-300x300-1-150x150.jpg 150w\" sizes=\"(max-width: 194px) 100vw, 194px\" \/><\/a><\/figure><\/div><\/div>\n<\/div>\n","protected":false},"excerpt":{"rendered":"<p>ALCATEIA EXPEDI\u00c7\u00c3O COMUNIDADE CL\u00c3<\/p>\n","protected":false},"author":1,"featured_media":0,"parent":0,"menu_order":0,"comment_status":"closed","ping_status":"closed","template":"","meta":[],"_links":{"self":[{"href":"https:\/\/189.escutismo.pt\/index.php?rest_route=\/wp\/v2\/pages\/188"}],"collection":[{"href":"https:\/\/189.escutismo.pt\/index.php?rest_route=\/wp\/v2\/pages"}],"about":[{"href":"https:\/\/189.escutismo.pt\/index.php?rest_route=\/wp\/v2\/types\/page"}],"author":[{"embeddable":true,"href":"https:\/\/189.escutismo.pt\/index.php?rest_route=\/wp\/v2\/users\/1"}],"replies":[{"embeddable":true,"href":"https:\/\/189.escutismo.pt\/index.php?rest_route=%2Fwp%2Fv2%2Fcomments&post=188"}],"version-history":[{"count":7,"href":"https:\/\/189.escutismo.pt\/index.php?rest_route=\/wp\/v2\/pages\/188\/revisions"}],"predecessor-version":[{"id":381,"href":"https:\/\/189.escutismo.pt\/index.php?rest_route=\/wp\/v2\/pages\/188\/revisions\/381"}],"wp:attachment":[{"href":"https:\/\/189.escutismo.pt\/index.php?rest_route=%2Fwp%2Fv2%2Fmedia&parent=188"}],"curies":[{"name":"wp","href":"https:\/\/api.w.org\/{rel}","templated":true}]}}