{"id":364,"date":"2024-02-03T23:25:57","date_gmt":"2024-02-03T23:25:57","guid":{"rendered":"https:\/\/189.escutismo.pt\/?page_id=364"},"modified":"2024-02-03T23:34:18","modified_gmt":"2024-02-03T23:34:18","slug":"lobitos","status":"publish","type":"page","link":"https:\/\/189.escutismo.pt\/?page_id=364","title":{"rendered":"ALCATEIA"},"content":{"rendered":"<div id=\"pl-364\"  class=\"panel-layout\" ><div id=\"pg-364-0\"  class=\"panel-grid panel-no-style\" ><div id=\"pgc-364-0-0\"  class=\"panel-grid-cell\" ><div id=\"panel-364-0-0-0\" class=\"so-panel widget widget_sow-editor panel-first-child panel-last-child\" data-index=\"0\" ><div\n\t\t\t\n\t\t\tclass=\"so-widget-sow-editor so-widget-sow-editor-base\"\n\t\t\t\n\t\t><h3 class=\"widget-title\">ALCATEIA<\/h3>\n<div class=\"siteorigin-widget-tinymce textwidget\">\n\t<p>O Lobitismo \u00e9 um principio de uma longa caminhada que o jovem ir\u00e1 realizar para a sua forma\u00e7\u00e3o f\u00edsica, social e humana.O nosso movimento proporciona aos mais jovens o espa\u00e7o de comunh\u00e3o, fantasia e permanente desafio, onde as suas capacidades logicamente \u00e1 medida da sua idade, s\u00e3o desenvolvidas atrav\u00e9s do jogo, da leitura, da vida ao ar livre\u2026<\/p>\n<p>O Lobito vive tudo isso numa atmosfera de magia, onde o imagin\u00e1rio pr\u00f3prio \u00e1 sua idade, f\u00e1-lo percorrer caminhos at\u00e9 ent\u00e3o desconhecidos ou pouco explorados, identificando-se com personagens, s\u00edmbolos e locais de uma sociedade pura e selvagem descrita no Livro da Selva.<\/p>\n<p>\u00c9 nesta viv\u00eancia que ele principia a descobrir as suas potencialidades e aptid\u00e3o para tirar partido do \u201d Grande Mundo\u201d que o rodeia.<\/p>\n<p>\u00c0 imagem de S\u00e3o Francisco de Assis, o jovem observa tudo o que o rodeia, sendo humilde no aprender, e leal na disputa, perdoa uma injusti\u00e7a a um amigo ou ao irm\u00e3o mais velho\u2026<\/p>\n<p>Idade: Dos 6 aos 10 anos<\/p>\n<p>Cor do Len\u00e7o: Amarelo debruado a branco<br \/>\n<strong><\/strong><\/p>\n<p><strong>M\u00e1ximas<\/strong><\/p>\n<ul>\n<li>O lobito pensa primeiro no seu semelhante<\/li>\n<li>O lobito n\u00e3o se escuta a si pr\u00f3prio<\/li>\n<li>O lobito \u00e9 asseado<\/li>\n<li>O lobito \u00e9 verdadeiro<\/li>\n<li>O lobito \u00e9 alegre<\/li>\n<\/ul>\n<p><strong>Ora\u00e7\u00e3o do Lobito<\/strong><br \/>\nDivino menino Jesus<br \/>\nN\u00f3s vos oferecemos inteiramente o nosso cora\u00e7\u00e3o.<br \/>\nEnchei- o das vossas virtudes, e ensinai- nos a imitar- vos.<br \/>\nN\u00f3s queremos seguir o vosso exemplo com toda a vossa vontade,<br \/>\nE assim, com a ajuda de Maria, nossa doce m\u00e3e, crescer em gra\u00e7a e idade.<br \/>\nAssim seja.<br \/>\nAm\u00e9n<\/p>\n<p><strong>M\u00edstica<\/strong><br \/>\nA m\u00edstica da 1\u00aa Sec\u00e7\u00e3o inspira-se no esp\u00edrito de S\u00e3o Francisco de Assis que, considerando-se simplesmente mais uma criatura entre as imensas criaturas de Deus, um irm\u00e3o entre os irm\u00e3os, se tornou num dos poetas e cantores da Cria\u00e7\u00e3o, o irm\u00e3o simples, humilde, pac\u00edfico e af\u00e1vel do Universo;<br \/>\nSem qualquer preju\u00edzo para o esp\u00edrito Crist\u00e3o e a m\u00edstica de S\u00e3o Francisco de Assis, que o Chefe despertar\u00e1 e desenvolver\u00e1 por todos os meios nos seus Lobitos, o esp\u00edrito da Alcateia inspira-se, em grande parte, na vida da Selva e na hist\u00f3ria de M\u00e1ugli, em \u00abO Livro da Selva\u00bb de Rudyard Kippling.<br \/>\nO Chefe dever\u00e1 contar aos seus Lobitos a hist\u00f3ria de M\u00e1ugli, relacionando os animais da Selva com as personagens da vida real. A hist\u00f3ria de Ma\u00fagli viver-se-\u00e0 na Alcateia atrav\u00e9s de jogos, dan\u00e7as da Selva e representa\u00e7\u00f5es.<br \/>\nNas Alcateias o Grande Uivo e os C\u00edrculos de Conselho e Parada, s\u00e3o tamb\u00e9m elementos simb\u00f3licos, muito importantes de viv\u00eancia e de uni\u00e3o na Alcateia.<\/p>\n<\/div>\n<\/div><\/div><\/div><\/div><\/div>","protected":false},"excerpt":{"rendered":"<p>O Lobitismo \u00e9 um principio de uma longa caminhada que o jovem ir\u00e1 realizar para a sua forma\u00e7\u00e3o f\u00edsica, social e humana.O nosso movimento proporciona aos mais jovens o espa\u00e7o de comunh\u00e3o, fantasia e permanente desafio, onde as suas capacidades logicamente \u00e1 medida da sua idade, s\u00e3o desenvolvidas atrav\u00e9s do [&hellip;]<\/p>\n","protected":false},"author":1,"featured_media":0,"parent":0,"menu_order":0,"comment_status":"closed","ping_status":"closed","template":"","meta":[],"_links":{"self":[{"href":"https:\/\/189.escutismo.pt\/index.php?rest_route=\/wp\/v2\/pages\/364"}],"collection":[{"href":"https:\/\/189.escutismo.pt\/index.php?rest_route=\/wp\/v2\/pages"}],"about":[{"href":"https:\/\/189.escutismo.pt\/index.php?rest_route=\/wp\/v2\/types\/page"}],"author":[{"embeddable":true,"href":"https:\/\/189.escutismo.pt\/index.php?rest_route=\/wp\/v2\/users\/1"}],"replies":[{"embeddable":true,"href":"https:\/\/189.escutismo.pt\/index.php?rest_route=%2Fwp%2Fv2%2Fcomments&post=364"}],"version-history":[{"count":5,"href":"https:\/\/189.escutismo.pt\/index.php?rest_route=\/wp\/v2\/pages\/364\/revisions"}],"predecessor-version":[{"id":372,"href":"https:\/\/189.escutismo.pt\/index.php?rest_route=\/wp\/v2\/pages\/364\/revisions\/372"}],"wp:attachment":[{"href":"https:\/\/189.escutismo.pt\/index.php?rest_route=%2Fwp%2Fv2%2Fmedia&parent=364"}],"curies":[{"name":"wp","href":"https:\/\/api.w.org\/{rel}","templated":true}]}}