{"id":373,"date":"2024-02-03T23:34:58","date_gmt":"2024-02-03T23:34:58","guid":{"rendered":"https:\/\/189.escutismo.pt\/?page_id=373"},"modified":"2024-02-03T23:34:58","modified_gmt":"2024-02-03T23:34:58","slug":"expedicao","status":"publish","type":"page","link":"https:\/\/189.escutismo.pt\/?page_id=373","title":{"rendered":"EXPEDI\u00c7\u00c3O"},"content":{"rendered":"<p>Os Exploradores dividem-se em patrulhas de 4 a 8 elementos, cada patrulha adopta o nome de um animal, Totem, cuja silhueta figura na bandeirola de patrulha. Cada patrulha adopta um grito e uma divisa de acordo com o totem. Tamb\u00e9m os Exploradores devem ter a sua divisa.<br \/>\nNo caso de Exploradores que passem para Pioneiros continuam sempre com a mesma divisa.<br \/>\nCada membro da patrulha deve ter uma fun\u00e7\u00e3o (ex: Guia; Sub-Guia; guarda-material; tesoureiro; secret\u00e1rio; etc).<br \/>\nAs atividades dos Exploradores designam-se por Aventuras.<\/p>\n<p>Lema: \u201cAlerta\u201d<\/p>\n<p>Patrono: S. Tiago Maior<\/p>\n<p>Idade: Dos 10 aos 14 anos<\/p>\n<p>Cor do Len\u00e7o: Verde debruado a branco<\/p>\n","protected":false},"excerpt":{"rendered":"<p>Os Exploradores dividem-se em patrulhas de 4 a 8 elementos, cada patrulha adopta o nome de um animal, Totem, cuja silhueta figura na bandeirola de patrulha. Cada patrulha adopta um grito e uma divisa de acordo com o totem. Tamb\u00e9m os Exploradores devem ter a sua divisa. No caso de [&hellip;]<\/p>\n","protected":false},"author":1,"featured_media":0,"parent":0,"menu_order":0,"comment_status":"closed","ping_status":"closed","template":"","meta":[],"_links":{"self":[{"href":"https:\/\/189.escutismo.pt\/index.php?rest_route=\/wp\/v2\/pages\/373"}],"collection":[{"href":"https:\/\/189.escutismo.pt\/index.php?rest_route=\/wp\/v2\/pages"}],"about":[{"href":"https:\/\/189.escutismo.pt\/index.php?rest_route=\/wp\/v2\/types\/page"}],"author":[{"embeddable":true,"href":"https:\/\/189.escutismo.pt\/index.php?rest_route=\/wp\/v2\/users\/1"}],"replies":[{"embeddable":true,"href":"https:\/\/189.escutismo.pt\/index.php?rest_route=%2Fwp%2Fv2%2Fcomments&post=373"}],"version-history":[{"count":1,"href":"https:\/\/189.escutismo.pt\/index.php?rest_route=\/wp\/v2\/pages\/373\/revisions"}],"predecessor-version":[{"id":375,"href":"https:\/\/189.escutismo.pt\/index.php?rest_route=\/wp\/v2\/pages\/373\/revisions\/375"}],"wp:attachment":[{"href":"https:\/\/189.escutismo.pt\/index.php?rest_route=%2Fwp%2Fv2%2Fmedia&parent=373"}],"curies":[{"name":"wp","href":"https:\/\/api.w.org\/{rel}","templated":true}]}}